{"id":487,"date":"2017-08-04T10:10:51","date_gmt":"2017-08-04T10:10:51","guid":{"rendered":"http:\/\/www.widian.net\/?page_id=487"},"modified":"2018-05-29T09:25:05","modified_gmt":"2018-05-29T06:25:05","slug":"huhuu","status":"publish","type":"page","link":"http:\/\/www.widian.fi\/en\/huhuu\/","title":{"rendered":"Huhuu"},"content":{"rendered":"<h3>Asiakascaset &#8211; Huhuu<\/h3>\n<p style=\"text-align: left;\"><b>Huhuu <\/b>on ensimm\u00e4isen asteen keskusteluyhteys Pohjois-Karjalan Osuuskaupan (PKO) ja sen omistajien kesken. Helppok\u00e4ytt\u00f6isell\u00e4 viestisovelluksella asiakas voi tavoittaa aikaan ja paikkaan katsomatta juuri oikean henkil\u00f6n riippumatta siit\u00e4 koskeeko asia yksitt\u00e4ist\u00e4 toimipaikkaa tai PKO:ta yleisesti.<\/p>\n<p style=\"text-align: left;\">Viesteiss\u00e4 voi k\u00e4ytt\u00e4\u00e4 sek\u00e4 teksti\u00e4 ett\u00e4 kuvia. Vastaus luvataan kyseess\u00e4 olevan toimipisteen asiasta vastaavalta henkil\u00f6lt\u00e4 ensi tilassa. Keskustelut s\u00e4ilyv\u00e4t sovelluksen historiassa, joten niihin voi palata tarpeen tullen my\u00f6hemmin uudelleen.<\/p>\n<p style=\"text-align: left;\">Huhuun voi ladata k\u00e4ytt\u00f6\u00f6n App Storesta ja Windows Storesta ja Google Playsta. Rekister\u00f6ityminen on nopeaa ja yksinkertaista, jonka j\u00e4lkeen voi avata keskustelun v\u00e4litt\u00f6m\u00e4sti.<\/p>\n<p style=\"text-align: left;\">Huhuu perustuu Widianin Civiport &#8211; palveluun, jolla voidaan ker\u00e4t\u00e4, analysoida ja jakaa erilaisia havaintoja asianomistajille.<\/p>\n<p>Huhuu &#8211; Ensimm\u00e4isen asteen keskusteluyhteys:<\/p>\n<p><iframe loading=\"lazy\" title=\"Huhuu - Ensimm\u00e4isen asteen keskusteluyhteys\" width=\"525\" height=\"295\" src=\"https:\/\/www.youtube.com\/embed\/jxbAbtn2LH4?feature=oembed\" frameborder=\"0\" allow=\"accelerometer; autoplay; clipboard-write; encrypted-media; gyroscope; picture-in-picture; web-share\" referrerpolicy=\"strict-origin-when-cross-origin\" allowfullscreen><\/iframe><\/p>\n<p>Huhuu &#8211; Ensimm\u00e4isen asteen keskusteluyhteys &#8211; S-Market<\/p>\n<p><iframe loading=\"lazy\" title=\"Huhuu - Ensimm\u00e4isen asteen keskusteluyhteys - S-Market\" width=\"525\" height=\"295\" src=\"https:\/\/www.youtube.com\/embed\/i3dd5JG8tjM?feature=oembed\" frameborder=\"0\" allow=\"accelerometer; autoplay; clipboard-write; encrypted-media; gyroscope; picture-in-picture; web-share\" referrerpolicy=\"strict-origin-when-cross-origin\" allowfullscreen><\/iframe><\/p>\n<p>Huhuu &#8211; Ensimm\u00e4isen asteen keskusteluyhteys &#8211; ABC<\/p>\n<p><iframe loading=\"lazy\" title=\"Huhuu - Ensimm\u00e4isen asteen keskusteluyhteys - ABC\" width=\"525\" height=\"295\" src=\"https:\/\/www.youtube.com\/embed\/YuH8qNRKoPM?feature=oembed\" frameborder=\"0\" allow=\"accelerometer; autoplay; clipboard-write; encrypted-media; gyroscope; picture-in-picture; web-share\" referrerpolicy=\"strict-origin-when-cross-origin\" allowfullscreen><\/iframe><\/p>\n","protected":false},"excerpt":{"rendered":"<p>Asiakascaset &#8211; Huhuu Huhuu on ensimm\u00e4isen asteen keskusteluyhteys Pohjois-Karjalan Osuuskaupan (PKO) ja sen omistajien kesken. Helppok\u00e4ytt\u00f6isell\u00e4 viestisovelluksella asiakas voi tavoittaa aikaan ja paikkaan katsomatta juuri oikean henkil\u00f6n riippumatta siit\u00e4 koskeeko asia yksitt\u00e4ist\u00e4 toimipaikkaa tai PKO:ta yleisesti. Viesteiss\u00e4 voi k\u00e4ytt\u00e4\u00e4 sek\u00e4 teksti\u00e4 ett\u00e4 kuvia. Vastaus luvataan kyseess\u00e4 olevan toimipisteen asiasta vastaavalta henkil\u00f6lt\u00e4 ensi tilassa. Keskustelut s\u00e4ilyv\u00e4t &hellip; <\/p>\n<p class=\"link-more\"><a href=\"http:\/\/www.widian.fi\/en\/huhuu\/\" class=\"more-link\">Continue reading<span class=\"screen-reader-text\"> &#8220;Huhuu&#8221;<\/span><\/a><\/p>\n","protected":false},"author":7,"featured_media":0,"parent":0,"menu_order":0,"comment_status":"closed","ping_status":"closed","template":"","meta":{"footnotes":""},"class_list":["post-487","page","type-page","status-publish","hentry"],"translation":{"provider":"WPGlobus","version":"3.0.2","language":"en","enabled_languages":["fi","en"],"languages":{"fi":{"title":true,"content":true,"excerpt":false},"en":{"title":true,"content":false,"excerpt":false}}},"yoast_head":"<!-- This site is optimized with the Yoast SEO plugin v27.0 - https:\/\/yoast.com\/product\/yoast-seo-wordpress\/ -->\n<title>Huhuu - Widian<\/title>\n<meta name=\"robots\" content=\"index, follow, max-snippet:-1, max-image-preview:large, max-video-preview:-1\" \/>\n<link rel=\"canonical\" href=\"http:\/\/www.widian.fi\/huhuu\/\" \/>\n<meta property=\"og:locale\" content=\"en_US\" \/>\n<meta property=\"og:type\" content=\"article\" \/>\n<meta property=\"og:title\" content=\"Huhuu - Widian\" \/>\n<meta property=\"og:url\" content=\"http:\/\/www.widian.fi\/huhuu\/\" \/>\n<meta property=\"og:site_name\" content=\"Widian\" \/>\n<meta property=\"article:modified_time\" content=\"2018-05-29T06:25:05+00:00\" \/>\n<meta name=\"twitter:card\" content=\"summary_large_image\" \/>\n<meta name=\"twitter:label1\" content=\"Est. reading time\" \/>\n\t<meta name=\"twitter:data1\" content=\"1 minute\" \/>\n<script type=\"application\/ld+json\" class=\"yoast-schema-graph\">{\"@context\":\"https:\/\/schema.org\",\"@graph\":[{\"@type\":\"WebPage\",\"@id\":\"http:\/\/www.widian.fi\/huhuu\/\",\"url\":\"http:\/\/www.widian.fi\/huhuu\/\",\"name\":\"Huhuu - Widian\",\"isPartOf\":{\"@id\":\"http:\/\/www.widian.fi\/en\/#website\"},\"datePublished\":\"2017-08-04T10:10:51+00:00\",\"dateModified\":\"2018-05-29T06:25:05+00:00\",\"breadcrumb\":{\"@id\":\"http:\/\/www.widian.fi\/huhuu\/#breadcrumb\"},\"inLanguage\":\"en-US\",\"potentialAction\":[{\"@type\":\"ReadAction\",\"target\":[\"http:\/\/www.widian.fi\/huhuu\/\"]}]},{\"@type\":\"BreadcrumbList\",\"@id\":\"http:\/\/www.widian.fi\/huhuu\/#breadcrumb\",\"itemListElement\":[{\"@type\":\"ListItem\",\"position\":1,\"name\":\"Home\",\"item\":\"http:\/\/www.widian.fi\/en\/\"},{\"@type\":\"ListItem\",\"position\":2,\"name\":\"Huhuu\"}]},{\"@type\":\"WebSite\",\"@id\":\"http:\/\/www.widian.fi\/en\/#website\",\"url\":\"http:\/\/www.widian.fi\/en\/\",\"name\":\"Widian\",\"description\":\"Together towards the future\",\"potentialAction\":[{\"@type\":\"SearchAction\",\"target\":{\"@type\":\"EntryPoint\",\"urlTemplate\":\"http:\/\/www.widian.fi\/en\/?s={search_term_string}\"},\"query-input\":{\"@type\":\"PropertyValueSpecification\",\"valueRequired\":true,\"valueName\":\"search_term_string\"}}],\"inLanguage\":\"en-US\"}]}<\/script>\n<!-- \/ Yoast SEO plugin. -->","yoast_head_json":{"title":"Huhuu - Widian","robots":{"index":"index","follow":"follow","max-snippet":"max-snippet:-1","max-image-preview":"max-image-preview:large","max-video-preview":"max-video-preview:-1"},"canonical":"http:\/\/www.widian.fi\/huhuu\/","og_locale":"en_US","og_type":"article","og_title":"Huhuu - Widian","og_url":"http:\/\/www.widian.fi\/huhuu\/","og_site_name":"Widian","article_modified_time":"2018-05-29T06:25:05+00:00","twitter_card":"summary_large_image","twitter_misc":{"Est. reading time":"1 minute"},"schema":{"@context":"https:\/\/schema.org","@graph":[{"@type":"WebPage","@id":"http:\/\/www.widian.fi\/huhuu\/","url":"http:\/\/www.widian.fi\/huhuu\/","name":"Huhuu - Widian","isPartOf":{"@id":"http:\/\/www.widian.fi\/en\/#website"},"datePublished":"2017-08-04T10:10:51+00:00","dateModified":"2018-05-29T06:25:05+00:00","breadcrumb":{"@id":"http:\/\/www.widian.fi\/huhuu\/#breadcrumb"},"inLanguage":"en-US","potentialAction":[{"@type":"ReadAction","target":["http:\/\/www.widian.fi\/huhuu\/"]}]},{"@type":"BreadcrumbList","@id":"http:\/\/www.widian.fi\/huhuu\/#breadcrumb","itemListElement":[{"@type":"ListItem","position":1,"name":"Home","item":"http:\/\/www.widian.fi\/en\/"},{"@type":"ListItem","position":2,"name":"Huhuu"}]},{"@type":"WebSite","@id":"http:\/\/www.widian.fi\/en\/#website","url":"http:\/\/www.widian.fi\/en\/","name":"Widian","description":"Together towards the future","potentialAction":[{"@type":"SearchAction","target":{"@type":"EntryPoint","urlTemplate":"http:\/\/www.widian.fi\/en\/?s={search_term_string}"},"query-input":{"@type":"PropertyValueSpecification","valueRequired":true,"valueName":"search_term_string"}}],"inLanguage":"en-US"}]}},"_links":{"self":[{"href":"http:\/\/www.widian.fi\/en\/wp-json\/wp\/v2\/pages\/487","targetHints":{"allow":["GET"]}}],"collection":[{"href":"http:\/\/www.widian.fi\/en\/wp-json\/wp\/v2\/pages"}],"about":[{"href":"http:\/\/www.widian.fi\/en\/wp-json\/wp\/v2\/types\/page"}],"author":[{"embeddable":true,"href":"http:\/\/www.widian.fi\/en\/wp-json\/wp\/v2\/users\/7"}],"replies":[{"embeddable":true,"href":"http:\/\/www.widian.fi\/en\/wp-json\/wp\/v2\/comments?post=487"}],"version-history":[{"count":11,"href":"http:\/\/www.widian.fi\/en\/wp-json\/wp\/v2\/pages\/487\/revisions"}],"predecessor-version":[{"id":1272,"href":"http:\/\/www.widian.fi\/en\/wp-json\/wp\/v2\/pages\/487\/revisions\/1272"}],"wp:attachment":[{"href":"http:\/\/www.widian.fi\/en\/wp-json\/wp\/v2\/media?parent=487"}],"curies":[{"name":"wp","href":"https:\/\/api.w.org\/{rel}","templated":true}]}}